{"id":460,"date":"2024-06-11T12:38:33","date_gmt":"2024-06-11T12:38:33","guid":{"rendered":"http:\/\/geografie.uvt.ro\/?page_id=460"},"modified":"2024-06-11T12:38:33","modified_gmt":"2024-06-11T12:38:33","slug":"contact","status":"publish","type":"page","link":"https:\/\/geografie.uvt.ro\/?page_id=460","title":{"rendered":"Contact"},"content":{"rendered":"\n<p class=\"has-medium-font-size\"><strong>S\u0103lile \u015fi laboratoarele<\/strong><br><a href=\"https:\/\/www.google.ro\/maps\/place\/Universitatea+de+Vest\/@45.747378,21.230348,17z\/data=!3m1!4b1!4m2!3m1!1s0x47455d84610655bf:0xfd169ff24d29f192\"><span style=\"text-decoration: underline;\">Bulevardul Vasile P\u00e2rvan, nr. 4<\/span><\/a>, Timi\u015foara, Rom\u00e2nia<\/p>\n\n\n\n<iframe src=\"https:\/\/www.google.com\/maps\/embed?pb=!1m18!1m12!1m3!1d4683.572678783937!2d21.230716073547335!3d45.74699393356511!2m3!1f0!2f0!3f0!3m2!1i1024!2i768!4f13.1!3m3!1m2!1s0x47455d84610655bf%3A0xfd169ff24d29f192!2sWest%20University%20of%20Timi%C8%99oara!5e0!3m2!1sen!2sro!4v1718107853301!5m2!1sen!2sro\" width=\"600\" height=\"450\" style=\"border:0;\" allowfullscreen=\"\" loading=\"lazy\" referrerpolicy=\"no-referrer-when-downgrade\"><\/iframe>\n\n\n\n<p class=\"has-medium-font-size\"><strong>Secretariatul facult\u0103\u021bii<\/strong><br><a href=\"https:\/\/maps.google.ro\/maps?q=Facultatea%2Bde%2BChimie%2BBiologie%2BGeografie&amp;hl=ro&amp;cid=1372819284655789456&amp;gl=RO&amp;t=m&amp;z=16&amp;iwloc=A\">Str. I.H. Pestalozzi, nr. 16<\/a>, Timi\u015foara, Rom\u00e2nia<\/p>\n\n\n\n<iframe src=\"https:\/\/www.google.com\/maps\/embed?pb=!1m18!1m12!1m3!1d2784.5079312994244!2d21.243807427246836!3d45.754230819841645!2m3!1f0!2f0!3f0!3m2!1i1024!2i768!4f13.1!3m3!1m2!1s0x47456762e2e5ff6f%3A0x130d3bddaab6d590!2sFaculty%20of%20Chemistry%2C%20Biology%2C%20Geography!5e0!3m2!1sen!2sro!4v1718108203368!5m2!1sen!2sro\" width=\"600\" height=\"450\" style=\"border:0;\" allowfullscreen=\"\" loading=\"lazy\" referrerpolicy=\"no-referrer-when-downgrade\"><\/iframe>\n","protected":false},"excerpt":{"rendered":"<p>S\u0103lile \u015fi laboratoareleBulevardul Vasile P\u00e2rvan, nr. 4, Timi\u015foara, Rom\u00e2nia Secretariatul facult\u0103\u021biiStr. I.H. Pestalozzi, nr. 16, Timi\u015foara, Rom\u00e2nia<\/p>\n","protected":false},"author":1,"featured_media":0,"parent":0,"menu_order":0,"comment_status":"closed","ping_status":"closed","template":"","meta":{"footnotes":""},"class_list":["post-460","page","type-page","status-publish","hentry"],"_links":{"self":[{"href":"https:\/\/geografie.uvt.ro\/index.php?rest_route=\/wp\/v2\/pages\/460","targetHints":{"allow":["GET"]}}],"collection":[{"href":"https:\/\/geografie.uvt.ro\/index.php?rest_route=\/wp\/v2\/pages"}],"about":[{"href":"https:\/\/geografie.uvt.ro\/index.php?rest_route=\/wp\/v2\/types\/page"}],"author":[{"embeddable":true,"href":"https:\/\/geografie.uvt.ro\/index.php?rest_route=\/wp\/v2\/users\/1"}],"replies":[{"embeddable":true,"href":"https:\/\/geografie.uvt.ro\/index.php?rest_route=%2Fwp%2Fv2%2Fcomments&post=460"}],"version-history":[{"count":1,"href":"https:\/\/geografie.uvt.ro\/index.php?rest_route=\/wp\/v2\/pages\/460\/revisions"}],"predecessor-version":[{"id":461,"href":"https:\/\/geografie.uvt.ro\/index.php?rest_route=\/wp\/v2\/pages\/460\/revisions\/461"}],"wp:attachment":[{"href":"https:\/\/geografie.uvt.ro\/index.php?rest_route=%2Fwp%2Fv2%2Fmedia&parent=460"}],"curies":[{"name":"wp","href":"https:\/\/api.w.org\/{rel}","templated":true}]}}