{"id":2,"date":"2024-06-10T07:11:55","date_gmt":"2024-06-10T07:11:55","guid":{"rendered":"https:\/\/dev.facultati.uvt.ro\/home\/geografie\/public_html\/?page_id=2"},"modified":"2024-10-08T10:38:29","modified_gmt":"2024-10-08T10:38:29","slug":"sample-page","status":"publish","type":"page","link":"https:\/\/geografie.uvt.ro\/?page_id=2","title":{"rendered":"Activit\u0103\u021bi de teren"},"content":{"rendered":"\n<p class=\"has-secondary-color has-text-color has-link-color has-medium-font-size wp-elements-80c1af61a7fa9d1da118ebfe243aea02\"><strong>Practic\u0103 de specialitate la Bucure\u0219ti<\/strong><\/p>\n\n\n\n<p>Specializare, an: II G, II PT<br>Perioada: semestrul I, luna octombrie<br>Coordonatori: Lector Dr. Sorin PAVEL, Lector Dr. Sebastian JUCU<br>Obiective:<br>\u2013 consolidarea cunostintelor privind morfostructura urbana<br>\u2013 aplicarea practica a cunostintelor teoretice privind planificarea si amenajarea urbana<br>\u2013 aplicarea practica a modelelor de cartare a spatiilor urbane<br>\u2013 aprofundarea cunostinelor privind geografia umana si economica a municipiului Bucuresti<br>\u2013 aprofundarea cunostintelor teoretice privind modelele cultural de dezvoltare urbana<\/p>\n\n\n\n<p class=\"has-secondary-color has-text-color has-link-color has-medium-font-size wp-elements-e786e537e2a81107bd3357e7d3a25795\"><strong>Practic\u0103 de specialitate \u00een Maramures-Nordul Transilvaniei<\/strong><\/p>\n\n\n\n<p><a href=\"https:\/\/storymaps.arcgis.com\/stories\/c7d22e2ddc074303a7b5d1080385e219\">Practic\u0103 de specialitate \u00een Maramure\u0219 16-20 octombrie 2023<\/a><\/p>\n\n\n\n<p>Specializare, an: III GT, III PT<br>Perioada: semestrul I, luna octombrie<br>Loc de desfasurare: Depresiunea Maramuresului, Baia Mare, Sighetu Marmatiei, Cluj-Napoca, Turda<br>Coordonatori: Lect. dr. Andrei Dornik, Asist. dr. Marinela Chetan.<br>Traseu: Timisoara-Oradea-Satu Mare-Baia Mare-Sighetu Marmatiei-Sapanta-Barsana-Cluj-Napoca-Turda-Timisoara<br>Obiective:<br>\u2013 cunoasterea si utilizarea adecvata a notiunilor specifice disciplinelor Geografia Turismului, Dezvoltarea durabila si Organizarea antropica a spatiului<br>\u2013 cunoasterea caracteristicilor naturale si social-economice ale spatiului de studiu, precum si a conditionarilor datorate statutului de zona turistica a Maramuresului;<br>\u2013 cunoasterea cadrului institutional si politic, de sustinere si monitorizare a spatiului de studiu;<br>\u2013 \u00eentelegerea mecanismelor de functionare a spatiului de studiu (actori, procese, instrumente) si a intercorelarii acestora;<br>\u2013 \u00eentelegerea modului de aplicare a abordarii de tip participativ a dezvoltarii turistice locale si regionale maramuresene.<\/p>\n\n\n\n<p><\/p>\n\n\n\n<p class=\"has-secondary-color has-text-color has-link-color has-medium-font-size wp-elements-e1fc8b8cd572f0d768297ad0f5b43d51\"><strong>Practic\u0103 de specialitate \u00een Nordul Moldovei<\/strong><\/p>\n\n\n\n<p>Specializare, an: II G, II GT, II PT, II C<br>Perioada: semestrul II, luna mai<br>Loc de desfasurare: Suceava si Nordul Moldovei<br>Coordonatori: Prof.univ.dr. Nicolae Popa, Lect.dr. Ramona Ivan<br>Obiective:<br>\u2013 cunoasterea specificitatii regionale a Nordului Moldovei si a modului de organizare teritoriala;<br>\u2013 identificarea corelatiilor dintre fenomenele economico-sociale si specificul teritoriului analizat<br>\u2013 explicarea prin analogii cu fenomene din areale diverse a interactiunilor complexe ce au loc \u00een interiorul matricii teritoriale a Moldovei;<br>\u2013 aprecierea corecta a relatiilor dintre factorii economico-sociali si actorii locali \u00een individualizarea si evolutia teritoriala a Moldovei;<br>\u2013 dob\u00e2ndirea de catre studenti a abilitatilor de analiza, conceptualizare si interpretare a problematicii geografiei regionale si planificarii teritoriale;<br>\u2013 cunoasterea metodelor si tehnicilor de lucru necesare \u00een investigarea realitatilor demografice, economice si sociale;<br>\u2013 formarea unei atitudini pozitive, responsabile fata de problemele de planificare teritoriala si analiza regionala;<br>\u2013 promovarea spiritului de lucru \u00een echipa, indispensabil investigatiilor de teren.<\/p>\n\n\n\n<p class=\"has-secondary-color has-text-color has-link-color has-medium-font-size wp-elements-9d4f87554781cb54863a5480714b358d\"><strong>Practic\u0103 de specialitate \u00een Ungaria<\/strong><\/p>\n\n\n\n<p>Specializare, an: I G, I GT, I PT, I C<br>Perioada: semestrul II, luna mai<br>Loc de desfasurare: practica itinerata \u00een Ungaria<br>Coordonator: Asist. dr. Claudia Doiciar<br>Traseu:<br>Ziua 1: Szeged. Dupa cuv\u00e2ntul de bun-venit si prezentarea departamentului, de la Facultatea de Geografie, se viziteaza Muzeul Hidrologic al Tisei, Domul si Piata Domului cu Panteonul, Piata Centrala, malul Tisei. Cazare la Szeged \u00een Caminul Colegiului.<br>Ziua 2: Pecs, oras Patrimoniu UNESCO, capitala europeana culturala \u00een anul 2010. \u00cen drum spre Pecs se viziteaza complexul hidrotehnic de pe Dunare de la Baja. La Pecs se viziteaza Palatul Episcopal, Aleea Pietonala, Piata Kossuth cu Moscheea,Sinagoga orasului, Fabrica de ceramica etc. Cazare la caminul Universitatii.<br>Zilele 3-4: Balaton. Se viziteaza Portul de la Zanka, Peninsula Tihani cu Manastirea Franciscana, Ora?ul Vesprem. Cazare la complexul turistic de tineret de la Zanka.<br>Zilele 5-6: Budapesta. Se viziteaza Castelul Regal, Biserica Sf. Matei, Bastionul Pescarilor, Podul cu Lanturi, Palatul Parlamentului, Piata Eroilor, Parcul Central, bulevardul Andrassi etc. Cazare la Caminul unui colegiu sau la tabara de tineret Csilleberci.<br>Ziua 7: \u00centoarcerea la Timisoara. Se viziteaza Piata centrala a orasului Kecskemet.<\/p>\n\n\n\n<p class=\"has-secondary-color has-text-color has-link-color has-medium-font-size wp-elements-1da477b1098aeec07f6e8d0df75b05fd\"><a href=\"http:\/\/geografie.uvt.ro\/wp-content\/uploads\/2018\/06\/prezentare-practica-Muntii-Banatului.pdf\"><strong>Practic\u0103 de specialitate \u00een Mun\u021bii Banatului<\/strong><\/a><\/p>\n\n\n\n<p>Specializare, an: I G, I GT, I PT<br>Perioada: semestrul II, luna mai<br>Coordonatori: Lector Dr. Alina SATMARI, Asist. Dr. Alexandru DR\u0102GAN<br><br>Obiective:<br>\u2013 cunoasterea caracteristicilor cadrului natural \u0219i antropic al Banatului (particularit\u0103\u021bi geomorfologice, biopedoclimatice, hidrografice \u00een sud-vestul Rom\u00e2niei, popula\u021bia \u0219i a\u0219ez\u0103rile din Banat, evolu\u021bia istoric\u0103 a locuirii, ocupa\u021bii vechi \u0219i noi, profilul locuitorilor, multiculturalitatea \u0219i interculturalitatea specific\u0103 Banatului, probleme actuale de mediu \u0219i protec\u021bia naturii, speoturism, turism industrial)<br>\u2013 dob\u00e2ndirea de catre studenti a abilitatilor de evaluare si cartare \u00een spa\u021biile locuite (aplica\u021bie \u00een Clisura Dun\u0103rii) \u0219i \u00een zona de res\u0103lb\u0103ticire a zimbrului (aplica\u021bie \u00een Situl Natura 2000 Mun\u021bii \u021aarcu)<br>\u2013 initierea studentilor \u00een efectuarea de investigatii instrumentale cu privire la impactul zimbrilor asupra vegeta\u021biei forestiere, cu o atentie speciala pe analiza spa\u021bial\u0103 \u0219i statistic\u0103 a m\u0103sur\u0103torilor de teren<br>\u2013 vizitarea unor obiective turistice (pe\u0219tera Comarnic, cascada Big\u0103r, cazanele Dun\u0103rii)<br>\u2013 dezvoltarea capacit\u0103\u021bii de lucru \u00een echip\u0103 pe teren \u0219i a g\u00e2ndirii critice<br><br>Tematici de lucru pentru studen\u021bi pe parcursul practicii&nbsp;(se realizeaz\u0103 pe echipe, sub coordonarea profesorilor \u00eenso\u021bitori)<strong>:<\/strong><br>&#8211; Problema de\u0219eurilor \u00een Banat<br>&#8211; Nivelul de trai \u0219i calitatea vie\u021bii \u00een Banat: infrastructura tehnico-edilitar\u0103, educa\u021bie \u0219i s\u0103n\u0103tate<br>&#8211; P\u0103durile din Banat \u2013 analiz\u0103 cantitativ\u0103 \u0219i calitativ\u0103<br>&#8211; Poten\u021bialul Carstic al Banatului: forma\u021biuni endocarstice \u0219i exocarstice<br>&#8211; Arhitectura din Banat: locuin\u021be colective, locuin\u021be individuale, arhitectur\u0103 mo\u0219tenit\u0103 \u0219i ilustrarea recent\u0103 a bun\u0103st\u0103rii prin prisma locuirii<br>&#8211; Capacit\u0103\u021bi de cazare: distribu\u021bie, tipuri. Tradi\u021bie \u2013 kitsch \u2013 modernism<br>&#8211; Flora din Banat -mic determinator de specii<br>&#8211; 10 motive s\u0103 vizitezi Banatul<br>&#8211; Planificarea spa\u021biilor publice: forme de expresie individual\u0103 \u0219i colectiv\u0103<br>&#8211; Portrete cotidiene \u00een Banat: mod\u0103, practici, atitudini, interac\u021biuni<br><br>Mai multe informa\u0163ii&nbsp;<a href=\"http:\/\/geografie.uvt.ro\/wp-content\/uploads\/2018\/06\/prezentare-practica-Muntii-Banatului.pdf\">aici<\/a><\/p>\n\n\n\n<figure class=\"wp-block-image aligncenter\"><a href=\"http:\/\/geografie.uvt.ro\/wp-content\/uploads\/2018\/06\/Capture.jpg\"><img decoding=\"async\" src=\"http:\/\/geografie.uvt.ro\/wp-content\/uploads\/2018\/06\/Capture-e1528180291904-214x300.jpg\" alt=\"\" class=\"wp-image-18019\"\/><\/a><\/figure>\n\n\n\n<p class=\"has-secondary-color has-text-color has-link-color has-medium-font-size wp-elements-ccbea7008670c15b8115013f7ff37463\"><strong>Practic\u0103 de specialitate la companii private\/institu\u021bii publice<\/strong><\/p>\n\n\n\n<p>Specializare, an: anul II Master PDDT<br>Perioada: semestrul II<br>Loc de desfasurare: Agentia pentru Dezvoltare Regionala \u2013 Regiunea Vest, Primaria Municipiului Timisoara (Directia Dezvoltare, Directia Urbanism), Agentia de Dezvoltare Economico-Sociala Timis, Administratia Bazinala de Ape BANAT)<br>Coordonator: Conf. univ. Dr. Catalina ANCUTA<br>Obiective:<br>\u2013 integrarea masteranzilor \u00een activitatea curenta a poten?ialilor angajatori, prin rezolvarea de sarcini concrete \u00een care sa valorifice competentele lor specifice privind: analize de potential, analize diagnostic ale cadrului natural si antropic, analiza contextului de dezvoltare teritoriala, la nivel local si regional; formularea de solutii de dezvoltare sectoriale sau complexe; analiza componentelor mediului geografic cu ajutorul mijloacelor SIG, aerofotointerpretarii si teledetectiei; efectuarea de ridicari topografice si \u00eentocmirea de harti, grafice specifice, planuri de situatie \u00een cadrul PAT-urilor, PUG-urilor; fundamentarea geografica a PAT-urilor si PUG-urilor, respectiv a proiectelor de dezvoltare.<br>\u2013 familiarizarea cu normele si procedurile potentialilor angajatori<\/p>\n","protected":false},"excerpt":{"rendered":"<p>Practic\u0103 de specialitate la Bucure\u0219ti Specializare, an: II G, II PTPerioada: semestrul I, luna octombrieCoordonatori: Lector Dr. Sorin PAVEL, Lector Dr. Sebastian JUCUObiective:\u2013 consolidarea cunostintelor privind morfostructura urbana\u2013 aplicarea practica a cunostintelor teoretice privind planificarea si amenajarea urbana\u2013 aplicarea practica a modelelor de cartare a spatiilor urbane\u2013 aprofundarea cunostinelor privind geografia umana si economica a &hellip; <\/p>\n<p class=\"link-more\"><a href=\"https:\/\/geografie.uvt.ro\/?page_id=2\" class=\"more-link\">Read more<span class=\"screen-reader-text\"> &#8220;Activit\u0103\u021bi de teren&#8221;<\/span><\/a><\/p>\n","protected":false},"author":1,"featured_media":0,"parent":0,"menu_order":0,"comment_status":"closed","ping_status":"open","template":"","meta":{"footnotes":""},"class_list":["post-2","page","type-page","status-publish","hentry"],"_links":{"self":[{"href":"https:\/\/geografie.uvt.ro\/index.php?rest_route=\/wp\/v2\/pages\/2","targetHints":{"allow":["GET"]}}],"collection":[{"href":"https:\/\/geografie.uvt.ro\/index.php?rest_route=\/wp\/v2\/pages"}],"about":[{"href":"https:\/\/geografie.uvt.ro\/index.php?rest_route=\/wp\/v2\/types\/page"}],"author":[{"embeddable":true,"href":"https:\/\/geografie.uvt.ro\/index.php?rest_route=\/wp\/v2\/users\/1"}],"replies":[{"embeddable":true,"href":"https:\/\/geografie.uvt.ro\/index.php?rest_route=%2Fwp%2Fv2%2Fcomments&post=2"}],"version-history":[{"count":16,"href":"https:\/\/geografie.uvt.ro\/index.php?rest_route=\/wp\/v2\/pages\/2\/revisions"}],"predecessor-version":[{"id":689,"href":"https:\/\/geografie.uvt.ro\/index.php?rest_route=\/wp\/v2\/pages\/2\/revisions\/689"}],"wp:attachment":[{"href":"https:\/\/geografie.uvt.ro\/index.php?rest_route=%2Fwp%2Fv2%2Fmedia&parent=2"}],"curies":[{"name":"wp","href":"https:\/\/api.w.org\/{rel}","templated":true}]}}